{"id":8,"date":"2026-03-30T08:58:06","date_gmt":"2026-03-30T08:58:06","guid":{"rendered":"http:\/\/olliver.be\/?page_id=8"},"modified":"2026-04-12T15:35:33","modified_gmt":"2026-04-12T15:35:33","slug":"home","status":"publish","type":"page","link":"https:\/\/olliver.be\/","title":{"rendered":"home"},"content":{"rendered":"\t\t<div data-elementor-type=\"wp-page\" data-elementor-id=\"8\" class=\"elementor elementor-8\">\n\t\t\t\t<div class=\"elementor-element elementor-element-560ee54 e-flex e-con-boxed e-con e-parent\" data-id=\"560ee54\" data-element_type=\"container\" data-e-type=\"container\">\n\t\t\t\t\t<div class=\"e-con-inner\">\n\t\t\t\t<div class=\"elementor-element elementor-element-b1952ad elementor-widget__width-auto elementor-widget elementor-widget-heading\" data-id=\"b1952ad\" data-element_type=\"widget\" data-e-type=\"widget\" data-widget_type=\"heading.default\">\n\t\t\t\t\t<h3 class=\"elementor-heading-title elementor-size-default\">Agent immobilier IPI<\/h3>\t\t\t\t<\/div>\n\t\t\t\t<div class=\"elementor-element elementor-element-0b2f003 elementor-widget elementor-widget-heading\" data-id=\"0b2f003\" data-element_type=\"widget\" data-e-type=\"widget\" data-widget_type=\"heading.default\">\n\t\t\t\t\t<h2 class=\"elementor-heading-title elementor-size-default\">Vente, location et conseil en investissement immobilier\u200b<\/h2>\t\t\t\t<\/div>\n\t\t\t\t\t<\/div>\n\t\t\t\t<\/div>\n\t\t<div class=\"elementor-element elementor-element-aea2e39 e-grid e-con-boxed e-con e-parent\" data-id=\"aea2e39\" data-element_type=\"container\" data-e-type=\"container\">\n\t\t\t\t\t<div class=\"e-con-inner\">\n\t\t\t\t<div class=\"elementor-element elementor-element-0507864 elementor-widget elementor-widget-image\" data-id=\"0507864\" data-element_type=\"widget\" data-e-type=\"widget\" data-widget_type=\"image.default\">\n\t\t\t\t\t\t\t\t\t\t\t\t\t\t\t<img fetchpriority=\"high\" decoding=\"async\" width=\"1024\" height=\"684\" src=\"http:\/\/olliver.be\/wp-content\/uploads\/pexels-max-vakhtbovycn-7031406-1024x684.jpg\" class=\"attachment-large size-large wp-image-35\" alt=\"agent immobilier IPI\" srcset=\"http:\/\/olliver.be\/wp-content\/uploads\/pexels-max-vakhtbovycn-7031406-1024x684.jpg 1024w, http:\/\/olliver.be\/wp-content\/uploads\/pexels-max-vakhtbovycn-7031406-300x200.jpg 300w, http:\/\/olliver.be\/wp-content\/uploads\/pexels-max-vakhtbovycn-7031406-768x513.jpg 768w, http:\/\/olliver.be\/wp-content\/uploads\/pexels-max-vakhtbovycn-7031406-1536x1025.jpg 1536w, http:\/\/olliver.be\/wp-content\/uploads\/pexels-max-vakhtbovycn-7031406-2048x1367.jpg 2048w\" sizes=\"(max-width: 1024px) 100vw, 1024px\" \/>\t\t\t\t\t\t\t\t\t\t\t\t\t\t\t<\/div>\n\t\t<div class=\"elementor-element elementor-element-1de9c63 e-con-full e-flex e-con e-child\" data-id=\"1de9c63\" data-element_type=\"container\" data-e-type=\"container\">\n\t\t<div class=\"elementor-element elementor-element-c085d7b e-grid e-con-full e-con e-child\" data-id=\"c085d7b\" data-element_type=\"container\" data-e-type=\"container\">\n\t\t\t\t<div class=\"elementor-element elementor-element-9aee9aa elementor-widget elementor-widget-text-editor\" data-id=\"9aee9aa\" data-element_type=\"widget\" data-e-type=\"widget\" data-widget_type=\"text-editor.default\">\n\t\t\t\t\t\t\t\t\t<h4><strong>Olivier<\/strong> GERBEHAYE<\/h4><h4>Agent immobilier IPI<\/h4><h4><strong>+32 475 375 053<\/strong><\/h4><h4>olivier@olliver.be<\/h4>\t\t\t\t\t\t\t\t<\/div>\n\t\t\t\t<div class=\"elementor-element elementor-element-c743ab1 elementor-widget elementor-widget-image\" data-id=\"c743ab1\" data-element_type=\"widget\" data-e-type=\"widget\" data-widget_type=\"image.default\">\n\t\t\t\t\t\t\t\t\t\t\t\t\t\t\t<img decoding=\"async\" width=\"450\" height=\"450\" src=\"http:\/\/olliver.be\/wp-content\/uploads\/oli_rond.png\" class=\"attachment-medium_large size-medium_large wp-image-53\" alt=\"Olivier Gerbehaye\" srcset=\"http:\/\/olliver.be\/wp-content\/uploads\/oli_rond.png 450w, http:\/\/olliver.be\/wp-content\/uploads\/oli_rond-300x300.png 300w, http:\/\/olliver.be\/wp-content\/uploads\/oli_rond-150x150.png 150w\" sizes=\"(max-width: 450px) 100vw, 450px\" \/>\t\t\t\t\t\t\t\t\t\t\t\t\t\t\t<\/div>\n\t\t\t\t<\/div>\n\t\t<div class=\"elementor-element elementor-element-c828fd4 e-con-full e-flex e-con e-child\" data-id=\"c828fd4\" data-element_type=\"container\" data-e-type=\"container\">\n\t\t\t\t<div class=\"elementor-element elementor-element-ef95933 elementor-widget__width-auto elementor-widget elementor-widget-heading\" data-id=\"ef95933\" data-element_type=\"widget\" data-e-type=\"widget\" data-widget_type=\"heading.default\">\n\t\t\t\t\t<h3 class=\"elementor-heading-title elementor-size-default\">Vendez, louez en toute s\u00e9r\u00e9nit\u00e9, je d\u00e9fends vos int\u00e9r\u00eats !<\/h3>\t\t\t\t<\/div>\n\t\t\t\t<div class=\"elementor-element elementor-element-b685784 elementor-widget__width-auto elementor-widget elementor-widget-text-editor\" data-id=\"b685784\" data-element_type=\"widget\" data-e-type=\"widget\" data-widget_type=\"text-editor.default\">\n\t\t\t\t\t\t\t\t\t<p><span class=\"a_GcMg font-feature-liga-off font-feature-clig-off font-feature-calt-off text-decoration-none text-strikethrough-none\" style=\"color: #000000; caret-color: #000000; font-weight: bold; font-kerning: normal;\">D\u00e9fendre vos int\u00e9r\u00eats<\/span><span class=\"a_GcMg font-feature-liga-off font-feature-clig-off font-feature-calt-off text-decoration-none text-strikethrough-none\" style=\"color: #000000; caret-color: #000000; font-kerning: normal;\">, formuler les\u00a0<\/span><span class=\"a_GcMg font-feature-liga-off font-feature-clig-off font-feature-calt-off text-decoration-none text-strikethrough-none\" style=\"color: #000000; caret-color: #000000; font-weight: bold; font-kerning: normal;\">propositions ad\u00e9quates<\/span><span class=\"a_GcMg font-feature-liga-off font-feature-clig-off font-feature-calt-off text-decoration-none text-strikethrough-none\" style=\"color: #000000; caret-color: #000000; font-kerning: normal;\">\u00a0pour optimiser la vente et\/ou la location de vos biens immobiliers et prendre en charge\u00a0<\/span><span class=\"a_GcMg font-feature-liga-off font-feature-clig-off font-feature-calt-off text-decoration-none text-strikethrough-none\" style=\"color: #000000; caret-color: #000000; font-weight: bold; font-kerning: normal;\">l\u2019ensemble des formalit\u00e9s<\/span><span class=\"a_GcMg font-feature-liga-off font-feature-clig-off font-feature-calt-off text-decoration-none text-strikethrough-none\" style=\"color: #000000; caret-color: #000000; font-kerning: normal;\"> sont les piliers essentiels de mes missions. J&#8217;op\u00e8re dans toute la Belgique avec un focus sur Bruxelles, le Brabant wallon, Li\u00e8ge et sa r\u00e9gion<\/span><\/p>\t\t\t\t\t\t\t\t<\/div>\n\t\t\t\t<div class=\"elementor-element elementor-element-1b739ea elementor-widget elementor-widget-button\" data-id=\"1b739ea\" data-element_type=\"widget\" data-e-type=\"widget\" data-widget_type=\"button.default\">\n\t\t\t\t\t\t\t\t\t\t<a class=\"elementor-button elementor-button-link elementor-size-sm\" href=\"http:\/\/olliver.be\/index.php\/rendez-vous\/\">\n\t\t\t\t\t\t<span class=\"elementor-button-content-wrapper\">\n\t\t\t\t\t\t\t\t\t<span class=\"elementor-button-text\">Contactez-moi<\/span>\n\t\t\t\t\t<\/span>\n\t\t\t\t\t<\/a>\n\t\t\t\t\t\t\t\t<\/div>\n\t\t\t\t<\/div>\n\t\t\t\t<\/div>\n\t\t\t\t\t<\/div>\n\t\t\t\t<\/div>\n\t\t<div class=\"elementor-element elementor-element-0c28082 e-flex e-con-boxed e-con e-parent\" data-id=\"0c28082\" data-element_type=\"container\" data-e-type=\"container\">\n\t\t\t\t\t<div class=\"e-con-inner\">\n\t\t<div class=\"elementor-element elementor-element-17eb9e7 e-con-full e-flex e-con e-child\" data-id=\"17eb9e7\" data-element_type=\"container\" data-e-type=\"container\">\n\t\t<div class=\"elementor-element elementor-element-f6130f7 e-con-full e-flex e-con e-child\" data-id=\"f6130f7\" data-element_type=\"container\" data-e-type=\"container\">\n\t\t\t\t<div class=\"elementor-element elementor-element-8dbf1ca elementor-widget elementor-widget-heading\" data-id=\"8dbf1ca\" data-element_type=\"widget\" data-e-type=\"widget\" data-widget_type=\"heading.default\">\n\t\t\t\t\t<h4 class=\"elementor-heading-title elementor-size-default\">Estimation pr\u00e9cise et r\u00e9aliste de votre bien<\/h4>\t\t\t\t<\/div>\n\t\t\t\t<div class=\"elementor-element elementor-element-abd6b45 elementor-widget elementor-widget-text-editor\" data-id=\"abd6b45\" data-element_type=\"widget\" data-e-type=\"widget\" data-widget_type=\"text-editor.default\">\n\t\t\t\t\t\t\t\t\t<p>N&#8217;h\u00e9sitez pas \u00e0 me contacter au <strong>+32 475 375 053<\/strong> ou par email \u00e0 <strong>olivier@olliver.be<\/strong> si vous souhaitez une estimation pr\u00e9cise et r\u00e9aliste du prix de vente ou de location de votre bien.<\/p>\t\t\t\t\t\t\t\t<\/div>\n\t\t\t\t<div class=\"elementor-element elementor-element-c910518 elementor-widget__width-auto elementor-widget elementor-widget-heading\" data-id=\"c910518\" data-element_type=\"widget\" data-e-type=\"widget\" data-widget_type=\"heading.default\">\n\t\t\t\t\t<h4 class=\"elementor-heading-title elementor-size-default\">Accompagnement personnalis\u00e9 professionnel<\/h4>\t\t\t\t<\/div>\n\t\t\t\t<div class=\"elementor-element elementor-element-92bc258 elementor-widget__width-auto elementor-widget elementor-widget-text-editor\" data-id=\"92bc258\" data-element_type=\"widget\" data-e-type=\"widget\" data-widget_type=\"text-editor.default\">\n\t\t\t\t\t\t\t\t\t<ul><li><span style=\"font-family: var( --e-global-typography-text-font-family ), Sans-serif; text-align: var(--text-align); font-size: 1rem;\">Accompagnement de votre projet de A \u00e0 Z<\/span><\/li><li><span style=\"font-family: var( --e-global-typography-text-font-family ), Sans-serif; text-align: var(--text-align); font-size: 1rem;\">Formalit\u00e9s administratives<\/span><\/li><li><span style=\"font-family: var( --e-global-typography-text-font-family ), Sans-serif; text-align: var(--text-align); font-size: 1rem;\">Estimation r\u00e9aliste des prix<\/span><\/li><li><span style=\"font-family: var( --e-global-typography-text-font-family ), Sans-serif; text-align: var(--text-align); font-size: 1rem;\">Shooting photo professionnel<\/span><\/li><li><span style=\"font-family: var( --e-global-typography-text-font-family ), Sans-serif; text-align: var(--text-align); font-size: 1rem;\">Shooting vid\u00e9o et visite virtuelle<\/span><\/li><li><span style=\"font-family: var( --e-global-typography-text-font-family ), Sans-serif; text-align: var(--text-align); font-size: 1rem;\">Brochure personnalis\u00e9e de votre bien<\/span><\/li><li><span style=\"font-family: var( --e-global-typography-text-font-family ), Sans-serif; text-align: var(--text-align); font-size: 1rem;\">Visibilit\u00e9 digitale optimis\u00e9e<\/span><\/li><li>Recherche d&#8217;amateurs<\/li><li>Publicit\u00e9 particuli\u00e8re pour les biens d&#8217;exception<\/li><li><span style=\"font-family: var( --e-global-typography-text-font-family ), Sans-serif; text-align: var(--text-align); font-size: 1rem;\">Organisation des visites de 07h00 \u00e0 21h00<\/span><\/li><li><span style=\"font-family: var( --e-global-typography-text-font-family ), Sans-serif; text-align: var(--text-align); font-size: 1rem;\">Coordination des experts et des intervenants<\/span><\/li><\/ul>\t\t\t\t\t\t\t\t<\/div>\n\t\t\t\t<\/div>\n\t\t\t\t<\/div>\n\t\t<div class=\"elementor-element elementor-element-232bff9 e-con-full e-flex e-con e-child\" data-id=\"232bff9\" data-element_type=\"container\" data-e-type=\"container\">\n\t\t\t\t<div class=\"elementor-element elementor-element-10d4f9b elementor-widget elementor-widget-image\" data-id=\"10d4f9b\" data-element_type=\"widget\" data-e-type=\"widget\" data-widget_type=\"image.default\">\n\t\t\t\t\t\t\t\t\t\t\t\t\t\t\t<img decoding=\"async\" width=\"768\" height=\"577\" src=\"http:\/\/olliver.be\/wp-content\/uploads\/shooting-768x577.jpg\" class=\"attachment-medium_large size-medium_large wp-image-36\" alt=\"accompagnement personnalis\u00e9\" srcset=\"http:\/\/olliver.be\/wp-content\/uploads\/shooting-768x577.jpg 768w, http:\/\/olliver.be\/wp-content\/uploads\/shooting-300x225.jpg 300w, http:\/\/olliver.be\/wp-content\/uploads\/shooting-1024x769.jpg 1024w, http:\/\/olliver.be\/wp-content\/uploads\/shooting-1536x1153.jpg 1536w, http:\/\/olliver.be\/wp-content\/uploads\/shooting-2048x1538.jpg 2048w\" sizes=\"(max-width: 768px) 100vw, 768px\" \/>\t\t\t\t\t\t\t\t\t\t\t\t\t\t\t<\/div>\n\t\t\t\t<\/div>\n\t\t\t\t\t<\/div>\n\t\t\t\t<\/div>\n\t\t<div class=\"elementor-element elementor-element-34e309f e-flex e-con-boxed e-con e-parent\" data-id=\"34e309f\" data-element_type=\"container\" data-e-type=\"container\">\n\t\t\t\t\t<div class=\"e-con-inner\">\n\t\t\t\t<div class=\"elementor-element elementor-element-46236be elementor-widget-divider--view-line elementor-widget elementor-widget-divider\" data-id=\"46236be\" data-element_type=\"widget\" data-e-type=\"widget\" data-widget_type=\"divider.default\">\n\t\t\t\t\t\t\t<div class=\"elementor-divider\">\n\t\t\t<span class=\"elementor-divider-separator\">\n\t\t\t\t\t\t<\/span>\n\t\t<\/div>\n\t\t\t\t\t\t<\/div>\n\t\t\t\t<div class=\"elementor-element elementor-element-315c5bc elementor-widget elementor-widget-text-editor\" data-id=\"315c5bc\" data-element_type=\"widget\" data-e-type=\"widget\" data-widget_type=\"text-editor.default\">\n\t\t\t\t\t\t\t\t\t<p class=\"cvGsUA direction-ltr align-center para-style-body\"><span style=\"font-family: var( --e-global-typography-text-font-family ), Sans-serif; font-size: 1rem;\">\u00a0<\/span><span style=\"font-family: var( --e-global-typography-text-font-family ), Sans-serif; font-size: 1rem;\">OGE srl &#8211; Avenue Louise 390 bte 16 &#8211; 1050 Bruxelles &#8211; TVA BE0831.509.635 &#8211; Tel\u00e9phone 0475 375 053 &#8211; olivier@olliver.be<\/span><\/p><p class=\"cvGsUA direction-ltr align-center para-style-body\"><span class=\"a_GcMg font-feature-liga-off font-feature-clig-off font-feature-calt-off text-decoration-none text-strikethrough-none\">Belfius banque &#8211; compte de tiers n\u00b0 BE73.0689.5267.9160 &#8211; <\/span><span class=\"a_GcMg font-feature-liga-off font-feature-clig-off font-feature-calt-off text-decoration-none text-strikethrough-none\">RC professionnelle et cautionnement via AXA Belgium SA &#8211; police n\u00b0 730.390.160<\/span><\/p><p class=\"cvGsUA direction-ltr align-center para-style-body\"><span class=\"a_GcMg font-feature-liga-off font-feature-clig-off font-feature-calt-off text-decoration-none text-strikethrough-none\">Agent immobilier interm\u00e9diaire n\u00b0 518.323 en Belgique &#8211; Soumis au <a class=\"a_GcMg font-feature-liga-off font-feature-clig-off font-feature-calt-off text-decoration-underline text-strikethrough-none\" draggable=\"false\" href=\"https:\/\/www.ipi.be\/lagent-immobilier\/la-deontologie-de-lagent-immobilier\" target=\"_blank\" rel=\"noopener\">code d\u00e9ontologique de l\u2019IPI<\/a><\/span><\/p><p class=\"cvGsUA direction-ltr align-center para-style-body\"><span class=\"a_GcMg font-feature-liga-off font-feature-clig-off font-feature-calt-off text-decoration-none text-strikethrough-none\">Instance de contr\u00f4le: Institut professionnel des agents immobiliers, rue du Luxembourg 16B, 1000 Bruxelles (+32 2 505 38 50 &#8211; info@ipi.be)<\/span><\/p><p class=\"cvGsUA direction-ltr align-center para-style-body\">\u00a0<\/p>\t\t\t\t\t\t\t\t<\/div>\n\t\t\t\t\t<\/div>\n\t\t\t\t<\/div>\n\t\t<div class=\"elementor-element elementor-element-be6ce46 e-flex e-con-boxed e-con e-parent\" data-id=\"be6ce46\" data-element_type=\"container\" data-e-type=\"container\">\n\t\t\t\t\t<div class=\"e-con-inner\">\n\t\t\t\t<div class=\"elementor-element elementor-element-501cb33 elementor-widget elementor-widget-text-editor\" data-id=\"501cb33\" data-element_type=\"widget\" data-e-type=\"widget\" data-widget_type=\"text-editor.default\">\n\t\t\t\t\t\t\t\t\t<p><span style=\"color: #000000; caret-color: #000000; font-kerning: none;\"><a href=\"http:\/\/olliver.be\/index.php\/conditions-generales-dutilisation-du-site\/\" target=\"_blank\" rel=\"noopener\">Conditions g\u00e9n\u00e9rales d\u2019utilisation du site<\/a> \u00a0 &#8211; \u00a0 \u00a0<\/span><span style=\"caret-color: #000000; color: #000000; font-family: var( --e-global-typography-text-font-family ), Sans-serif; text-align: var(--text-align); font-size: 1rem;\"><a href=\"http:\/\/olliver.be\/index.php\/charte-de-protection-de-la-vie-privee\/\" target=\"_blank\" rel=\"noopener\">Charte de la protection de la vie priv\u00e9e<\/a> \u00a0 &#8211; \u00a0 \u00a0<\/span><a href=\"http:\/\/olliver.be\/index.php\/politique-de-cookies-ue\/\" target=\"_blank\" rel=\"noopener\">Politique de cookies<\/a><\/p>\t\t\t\t\t\t\t\t<\/div>\n\t\t\t\t\t<\/div>\n\t\t\t\t<\/div>\n\t\t\t\t<\/div>\n\t\t","protected":false},"excerpt":{"rendered":"<p>Agent immobilier IPI Vente, location et conseil en investissement immobilier\u200b Olivier GERBEHAYE Agent immobilier IPI +32 475 375 053 olivier@olliver.be Vendez, louez en toute s\u00e9r\u00e9nit\u00e9, je d\u00e9fends vos int\u00e9r\u00eats ! D\u00e9fendre vos int\u00e9r\u00eats, formuler les\u00a0propositions ad\u00e9quates\u00a0pour optimiser la vente et\/ou la location de vos biens immobiliers et prendre en charge\u00a0l\u2019ensemble des formalit\u00e9s sont les piliers [&hellip;]<\/p>\n","protected":false},"author":1,"featured_media":0,"parent":0,"menu_order":0,"comment_status":"closed","ping_status":"closed","template":"elementor_canvas","meta":{"_monsterinsights_skip_tracking":false,"_monsterinsights_sitenote_active":false,"_monsterinsights_sitenote_note":"","_monsterinsights_sitenote_category":0,"footnotes":""},"class_list":["post-8","page","type-page","status-publish","hentry"],"aioseo_notices":[],"_links":{"self":[{"href":"https:\/\/olliver.be\/index.php\/wp-json\/wp\/v2\/pages\/8","targetHints":{"allow":["GET"]}}],"collection":[{"href":"https:\/\/olliver.be\/index.php\/wp-json\/wp\/v2\/pages"}],"about":[{"href":"https:\/\/olliver.be\/index.php\/wp-json\/wp\/v2\/types\/page"}],"author":[{"embeddable":true,"href":"https:\/\/olliver.be\/index.php\/wp-json\/wp\/v2\/users\/1"}],"replies":[{"embeddable":true,"href":"https:\/\/olliver.be\/index.php\/wp-json\/wp\/v2\/comments?post=8"}],"version-history":[{"count":127,"href":"https:\/\/olliver.be\/index.php\/wp-json\/wp\/v2\/pages\/8\/revisions"}],"predecessor-version":[{"id":17540,"href":"https:\/\/olliver.be\/index.php\/wp-json\/wp\/v2\/pages\/8\/revisions\/17540"}],"wp:attachment":[{"href":"https:\/\/olliver.be\/index.php\/wp-json\/wp\/v2\/media?parent=8"}],"curies":[{"name":"wp","href":"https:\/\/api.w.org\/{rel}","templated":true}]}}