{"id":144,"date":"2026-04-01T13:14:10","date_gmt":"2026-04-01T13:14:10","guid":{"rendered":"http:\/\/olliver.be\/?page_id=144"},"modified":"2026-04-12T15:36:46","modified_gmt":"2026-04-12T15:36:46","slug":"rendez-vous","status":"publish","type":"page","link":"http:\/\/olliver.be\/index.php\/rendez-vous\/","title":{"rendered":"Rendez-vous"},"content":{"rendered":"\t\t<div data-elementor-type=\"wp-page\" data-elementor-id=\"144\" class=\"elementor elementor-144\">\n\t\t\t\t<div class=\"elementor-element elementor-element-ce50b76 e-flex e-con-boxed e-con e-parent\" data-id=\"ce50b76\" data-element_type=\"container\" data-e-type=\"container\" data-settings=\"{&quot;background_background&quot;:&quot;classic&quot;}\">\n\t\t\t\t\t<div class=\"e-con-inner\">\n\t\t\t\t<div class=\"elementor-element elementor-element-09e9b08 elementor-widget elementor-widget-heading\" data-id=\"09e9b08\" data-element_type=\"widget\" data-e-type=\"widget\" data-widget_type=\"heading.default\">\n\t\t\t\t\t<h2 class=\"elementor-heading-title elementor-size-default\">Besoin d'un avis, un conseil ou d'une estimation gratuite?<\/h2>\t\t\t\t<\/div>\n\t\t\t\t\t<\/div>\n\t\t\t\t<\/div>\n\t\t<div class=\"elementor-element elementor-element-039a214 e-flex e-con-boxed e-con e-parent\" data-id=\"039a214\" data-element_type=\"container\" data-e-type=\"container\">\n\t\t\t\t\t<div class=\"e-con-inner\">\n\t\t\t\t<div class=\"elementor-element elementor-element-5b8e012 elementor-widget elementor-widget-heading\" data-id=\"5b8e012\" data-element_type=\"widget\" data-e-type=\"widget\" data-widget_type=\"heading.default\">\n\t\t\t\t\t<div class=\"elementor-heading-title elementor-size-default\">\n<div class=\"wpcf7 no-js\" id=\"wpcf7-f146-o1\" lang=\"fr-FR\" dir=\"ltr\" data-wpcf7-id=\"146\">\n<div class=\"screen-reader-response\"><p role=\"status\" aria-live=\"polite\" aria-atomic=\"true\"><\/p> <ul><\/ul><\/div>\n<form action=\"\/index.php\/wp-json\/wp\/v2\/pages\/144#wpcf7-f146-o1\" method=\"post\" class=\"wpcf7-form init\" aria-label=\"Formulaire de contact\" novalidate=\"novalidate\" data-status=\"init\">\n<fieldset class=\"hidden-fields-container\"><input type=\"hidden\" name=\"_wpcf7\" value=\"146\" \/><input type=\"hidden\" name=\"_wpcf7_version\" value=\"6.1.5\" \/><input type=\"hidden\" name=\"_wpcf7_locale\" value=\"fr_FR\" \/><input type=\"hidden\" name=\"_wpcf7_unit_tag\" value=\"wpcf7-f146-o1\" \/><input type=\"hidden\" name=\"_wpcf7_container_post\" value=\"0\" \/><input type=\"hidden\" name=\"_wpcf7_posted_data_hash\" value=\"\" \/>\n<\/fieldset>\n<p><label> Votre nom<br \/>\n<span class=\"wpcf7-form-control-wrap\" data-name=\"nom\"><input size=\"40\" maxlength=\"400\" class=\"wpcf7-form-control wpcf7-text wpcf7-validates-as-required\" aria-required=\"true\" aria-invalid=\"false\" value=\"\" type=\"text\" name=\"nom\" \/><\/span> <\/label>\n<\/p>\n<p><label> Votre e-mail<br \/>\n<span class=\"wpcf7-form-control-wrap\" data-name=\"email\"><input size=\"40\" maxlength=\"400\" class=\"wpcf7-form-control wpcf7-email wpcf7-validates-as-required wpcf7-text wpcf7-validates-as-email\" aria-required=\"true\" aria-invalid=\"false\" value=\"\" type=\"email\" name=\"email\" \/><\/span> <\/label>\n<\/p>\n<p><label> Votre t\u00e9l\u00e9phone (facultatif)<br \/>\n<span class=\"wpcf7-form-control-wrap\" data-name=\"telephone\"><input size=\"40\" maxlength=\"400\" class=\"wpcf7-form-control wpcf7-text\" aria-invalid=\"false\" value=\"\" type=\"text\" name=\"telephone\" \/><\/span> <\/label>\n<\/p>\n<p><label> Adresse de votre bien<br \/>\n<span class=\"wpcf7-form-control-wrap\" data-name=\"adresse\"><input size=\"40\" maxlength=\"400\" class=\"wpcf7-form-control wpcf7-text wpcf7-validates-as-required\" aria-required=\"true\" aria-invalid=\"false\" value=\"\" type=\"text\" name=\"adresse\" \/><\/span> <\/label>\n<\/p>\n<p><label> Code postal<br \/>\n<span class=\"wpcf7-form-control-wrap\" data-name=\"codep\"><input size=\"40\" maxlength=\"400\" class=\"wpcf7-form-control wpcf7-text wpcf7-validates-as-required\" aria-required=\"true\" aria-invalid=\"false\" value=\"\" type=\"text\" name=\"codep\" \/><\/span> <\/label>\n<\/p>\n<p><label> Votre message (facultatif)<br \/>\n<span class=\"wpcf7-form-control-wrap\" data-name=\"message\"><textarea cols=\"40\" rows=\"10\" maxlength=\"2000\" class=\"wpcf7-form-control wpcf7-textarea\" aria-invalid=\"false\" name=\"message\"><\/textarea><\/span> <\/label>\n<\/p>\n<p><span class=\"wpcf7-form-control-wrap\" data-name=\"gdpr\"><span class=\"wpcf7-form-control wpcf7-checkbox wpcf7-validates-as-required\"><span class=\"wpcf7-list-item first last\"><label><input type=\"checkbox\" name=\"gdpr[]\" value=\"J&#039;accepte d&#039;\u00eatre recontact\u00e9(e) dans le cadre de ma demande\" \/><span class=\"wpcf7-list-item-label\">J&#039;accepte d&#039;\u00eatre recontact\u00e9(e) dans le cadre de ma demande<\/span><\/label><\/span><\/span><\/span>\n<\/p>\n<p>En envoyant ma demande de contact, je d\u00e9clare accepter que mes donn\u00e9es compl\u00e9t\u00e9es dans ce formulaire soient utilis\u00e9es pour les buts mentionn\u00e9s ci-dessus par Olivier Gerbehaye en accord avec la charte de protection de la vie priv\u00e9e du site. Je peux \u00e0 tout moment retirer mon consentement en introduisant une demande \u00e9crite \u00e0 l\u2019adresse olivier@olliver.be\n<\/p>\n<p><input class=\"wpcf7-form-control wpcf7-submit has-spinner\" type=\"submit\" value=\"Envoyer\" \/>\n<\/p><p style=\"display: none !important;\" class=\"akismet-fields-container\" data-prefix=\"_wpcf7_ak_\"><label>&#916;<textarea name=\"_wpcf7_ak_hp_textarea\" cols=\"45\" rows=\"8\" maxlength=\"100\"><\/textarea><\/label><input type=\"hidden\" id=\"ak_js_1\" name=\"_wpcf7_ak_js\" value=\"221\"\/><script>document.getElementById( \"ak_js_1\" ).setAttribute( \"value\", ( new Date() ).getTime() );<\/script><\/p><div class=\"wpcf7-response-output\" aria-hidden=\"true\"><\/div>\n<\/form>\n<\/div>\n<\/div>\t\t\t\t<\/div>\n\t\t\t\t\t<\/div>\n\t\t\t\t<\/div>\n\t\t<div class=\"elementor-element elementor-element-3231716 e-flex e-con-boxed e-con e-parent\" data-id=\"3231716\" data-element_type=\"container\" data-e-type=\"container\">\n\t\t\t\t\t<div class=\"e-con-inner\">\n\t\t<div class=\"elementor-element elementor-element-ef7c0d6 e-con-full e-flex e-con e-child\" data-id=\"ef7c0d6\" data-element_type=\"container\" data-e-type=\"container\">\n\t\t\t\t<div class=\"elementor-element elementor-element-38e9db2 elementor-widget elementor-widget-text-editor\" data-id=\"38e9db2\" data-element_type=\"widget\" data-e-type=\"widget\" data-widget_type=\"text-editor.default\">\n\t\t\t\t\t\t\t\t\t<h4 style=\"caret-color: #000000; color: #000000;\"><strong>Olivier<\/strong>\u00a0GERBEHAYE<\/h4><h4 style=\"caret-color: #000000; color: #000000;\">Agent immobilier IPI<\/h4><h4 style=\"caret-color: #000000; color: #000000;\"><strong>+32 475 375 053<\/strong><\/h4><h4 style=\"caret-color: #000000; color: #000000;\">olivier@olliver.be<\/h4>\t\t\t\t\t\t\t\t<\/div>\n\t\t\t\t<\/div>\n\t\t<div class=\"elementor-element elementor-element-0773a93 e-con-full e-flex e-con e-child\" data-id=\"0773a93\" data-element_type=\"container\" data-e-type=\"container\">\n\t\t\t\t<div class=\"elementor-element elementor-element-4ef3859 elementor-widget elementor-widget-image\" data-id=\"4ef3859\" data-element_type=\"widget\" data-e-type=\"widget\" data-widget_type=\"image.default\">\n\t\t\t\t\t\t\t\t\t\t\t\t\t\t\t<img decoding=\"async\" width=\"150\" height=\"150\" src=\"http:\/\/olliver.be\/wp-content\/uploads\/oli_rond-150x150.png\" class=\"attachment-thumbnail size-thumbnail wp-image-53\" alt=\"Olivier Gerbehaye\" srcset=\"http:\/\/olliver.be\/wp-content\/uploads\/oli_rond-150x150.png 150w, http:\/\/olliver.be\/wp-content\/uploads\/oli_rond-300x300.png 300w, http:\/\/olliver.be\/wp-content\/uploads\/oli_rond.png 450w\" sizes=\"(max-width: 150px) 100vw, 150px\" \/>\t\t\t\t\t\t\t\t\t\t\t\t\t\t\t<\/div>\n\t\t\t\t<\/div>\n\t\t<div class=\"elementor-element elementor-element-4d8152d e-con-full e-flex e-con e-child\" data-id=\"4d8152d\" data-element_type=\"container\" data-e-type=\"container\">\n\t\t\t\t<\/div>\n\t\t<div class=\"elementor-element elementor-element-2734a41 e-con-full e-flex e-con e-child\" data-id=\"2734a41\" data-element_type=\"container\" data-e-type=\"container\">\n\t\t\t\t<\/div>\n\t\t\t\t\t<\/div>\n\t\t\t\t<\/div>\n\t\t<div class=\"elementor-element elementor-element-2aea025 e-flex e-con-boxed e-con e-parent\" data-id=\"2aea025\" data-element_type=\"container\" data-e-type=\"container\">\n\t\t\t\t\t<div class=\"e-con-inner\">\n\t\t\t\t<div class=\"elementor-element elementor-element-23239e8 elementor-widget-divider--view-line elementor-widget elementor-widget-divider\" data-id=\"23239e8\" data-element_type=\"widget\" data-e-type=\"widget\" data-widget_type=\"divider.default\">\n\t\t\t\t\t\t\t<div class=\"elementor-divider\">\n\t\t\t<span class=\"elementor-divider-separator\">\n\t\t\t\t\t\t<\/span>\n\t\t<\/div>\n\t\t\t\t\t\t<\/div>\n\t\t\t\t<div class=\"elementor-element elementor-element-a2d5341 elementor-widget elementor-widget-text-editor\" data-id=\"a2d5341\" data-element_type=\"widget\" data-e-type=\"widget\" data-widget_type=\"text-editor.default\">\n\t\t\t\t\t\t\t\t\t<p class=\"cvGsUA direction-ltr align-center para-style-body\"><span style=\"font-family: var( --e-global-typography-text-font-family ), Sans-serif; font-size: 1rem;\">OGE srl &#8211; Avenue Louise 390 bte 16 &#8211; 1050 Bruxelles &#8211; TVA BE0831.509.635 &#8211; Tel\u00e9phone 0475 375 053 &#8211; olivier@olliver.be<\/span><\/p><p class=\"cvGsUA direction-ltr align-center para-style-body\"><span class=\"a_GcMg font-feature-liga-off font-feature-clig-off font-feature-calt-off text-decoration-none text-strikethrough-none\">Belfius banque &#8211; compte de tiers n\u00b0 BE73.0689.5267.9160 &#8211; <\/span><span class=\"a_GcMg font-feature-liga-off font-feature-clig-off font-feature-calt-off text-decoration-none text-strikethrough-none\">RC professionnelle et cautionnement via AXA Belgium SA &#8211; police n\u00b0 730.390.160<\/span><\/p><p class=\"cvGsUA direction-ltr align-center para-style-body\"><span class=\"a_GcMg font-feature-liga-off font-feature-clig-off font-feature-calt-off text-decoration-none text-strikethrough-none\">Agent immobilier interm\u00e9diaire n\u00b0 518.323 en Belgique &#8211; Soumis au <a class=\"a_GcMg font-feature-liga-off font-feature-clig-off font-feature-calt-off text-decoration-underline text-strikethrough-none\" draggable=\"false\" href=\"https:\/\/www.ipi.be\/lagent-immobilier\/la-deontologie-de-lagent-immobilier\" target=\"_blank\" rel=\"noopener\">code d\u00e9ontologique de l\u2019IPI<\/a><\/span><\/p><p class=\"cvGsUA direction-ltr align-center para-style-body\"><span class=\"a_GcMg font-feature-liga-off font-feature-clig-off font-feature-calt-off text-decoration-none text-strikethrough-none\">Instance de contr\u00f4le: Institut professionnel des agents immobiliers, rue du Luxembourg 16B, 1000 Bruxelles (+32 2 505 38 50 &#8211; info@ipi.be)<\/span><\/p>\t\t\t\t\t\t\t\t<\/div>\n\t\t\t\t\t<\/div>\n\t\t\t\t<\/div>\n\t\t<div class=\"elementor-element elementor-element-e038329 e-flex e-con-boxed e-con e-parent\" data-id=\"e038329\" data-element_type=\"container\" data-e-type=\"container\">\n\t\t\t\t\t<div class=\"e-con-inner\">\n\t\t\t\t<div class=\"elementor-element elementor-element-31e3ecf elementor-widget elementor-widget-text-editor\" data-id=\"31e3ecf\" data-element_type=\"widget\" data-e-type=\"widget\" data-widget_type=\"text-editor.default\">\n\t\t\t\t\t\t\t\t\t<p><span style=\"color: #000000; caret-color: #000000; font-kerning: none;\"><a href=\"http:\/\/olliver.be\/index.php\/conditions-generales-dutilisation-du-site\/\" target=\"_blank\" rel=\"noopener\">Conditions g\u00e9n\u00e9rales d\u2019utilisation du site<\/a>\u00a0\u00a0 &#8211; \u00a0 \u00a0<\/span><span style=\"font-family: var( --e-global-typography-text-font-family ), Sans-serif; font-size: 1rem; text-align: var(--text-align); caret-color: #000000; color: #000000;\"><a href=\"http:\/\/olliver.be\/index.php\/charte-de-protection-de-la-vie-privee\/\" target=\"_blank\" rel=\"noopener\">Charte de la protection de la vie priv\u00e9e<\/a>\u00a0\u00a0 &#8211; \u00a0 \u00a0<\/span><a href=\"http:\/\/olliver.be\/index.php\/politique-de-cookies-ue\/\" target=\"_blank\" rel=\"noopener\">Politique de cookies<\/a><\/p>\t\t\t\t\t\t\t\t<\/div>\n\t\t\t\t\t<\/div>\n\t\t\t\t<\/div>\n\t\t\t\t<\/div>\n\t\t","protected":false},"excerpt":{"rendered":"<p>Besoin d&#8217;un avis, un conseil ou d&#8217;une estimation gratuite? Olivier\u00a0GERBEHAYE Agent immobilier IPI +32 475 375 053 olivier@olliver.be OGE srl &#8211; Avenue Louise 390 bte 16 &#8211; 1050 Bruxelles &#8211; TVA BE0831.509.635 &#8211; Tel\u00e9phone 0475 375 053 &#8211; olivier@olliver.be Belfius banque &#8211; compte de tiers n\u00b0 BE73.0689.5267.9160 &#8211; RC professionnelle et cautionnement via AXA Belgium [&hellip;]<\/p>\n","protected":false},"author":1,"featured_media":0,"parent":0,"menu_order":0,"comment_status":"closed","ping_status":"closed","template":"elementor_canvas","meta":{"_monsterinsights_skip_tracking":false,"_monsterinsights_sitenote_active":false,"_monsterinsights_sitenote_note":"","_monsterinsights_sitenote_category":0,"footnotes":""},"class_list":["post-144","page","type-page","status-publish","hentry"],"aioseo_notices":[],"_links":{"self":[{"href":"http:\/\/olliver.be\/index.php\/wp-json\/wp\/v2\/pages\/144","targetHints":{"allow":["GET"]}}],"collection":[{"href":"http:\/\/olliver.be\/index.php\/wp-json\/wp\/v2\/pages"}],"about":[{"href":"http:\/\/olliver.be\/index.php\/wp-json\/wp\/v2\/types\/page"}],"author":[{"embeddable":true,"href":"http:\/\/olliver.be\/index.php\/wp-json\/wp\/v2\/users\/1"}],"replies":[{"embeddable":true,"href":"http:\/\/olliver.be\/index.php\/wp-json\/wp\/v2\/comments?post=144"}],"version-history":[{"count":82,"href":"http:\/\/olliver.be\/index.php\/wp-json\/wp\/v2\/pages\/144\/revisions"}],"predecessor-version":[{"id":17543,"href":"http:\/\/olliver.be\/index.php\/wp-json\/wp\/v2\/pages\/144\/revisions\/17543"}],"wp:attachment":[{"href":"http:\/\/olliver.be\/index.php\/wp-json\/wp\/v2\/media?parent=144"}],"curies":[{"name":"wp","href":"https:\/\/api.w.org\/{rel}","templated":true}]}}